{"id":11640,"date":"2026-05-05T11:58:23","date_gmt":"2026-05-05T09:58:23","guid":{"rendered":"https:\/\/www.paolabarberis.com\/privacy-und-cookies\/"},"modified":"2026-05-07T08:15:21","modified_gmt":"2026-05-07T06:15:21","slug":"datenschutz-und-cookies","status":"publish","type":"page","link":"https:\/\/www.paolabarberis.com\/de\/datenschutz-und-cookies\/","title":{"rendered":"Datenschutz und Cookies"},"content":{"rendered":"\n<h2 class=\"wp-block-heading\">Datenschutzrichtlinie<\/h2>\n\n<p>Nachfolgend informieren wir Sie dar\u00fcber, dass die Dienstleisterin <strong>Paola Barberis<\/strong> (Hauptsitz: Italien, VIA LUNGASERRA 8, 12032 Barge, CN,) Ihre personenbezogenen Daten wie folgt und zu folgenden Zwecken verarbeitet.<\/p>\n\n<p>Bei der Datenverarbeitung halten wir uns an die geltenden Rechtsvorschriften \u2013 insbesondere an die Verordnung (EU) 2016\/679 des Europ\u00e4ischen Parlaments und des Rates (DSGVO).\n<\/p>\n\n<p>Diese Datenschutzerkl\u00e4rung gilt f\u00fcr die folgende Website: <a href=\"https:\/\/www.paolabarberis.com\/de\/\">https:\/\/www.paolabarberis.com<\/a><\/p>\n\n<p>Wir behalten uns das Recht vor, diese Richtlinie jederzeit zu \u00e4ndern; etwaige \u00c4nderungen werden mit ihrer Ver\u00f6ffentlichung wirksam.\n<\/p>\n\n<h3 class=\"wp-block-heading\">Identifizierung des Verantwortlichen f\u00fcr die Datenverarbeitung<\/h3>\n\n<ul class=\"wp-block-list\">\n<li><strong>Name<\/strong>: Paola Barberis<\/li>\n\n\n\n<li><strong>Firmensitz<\/strong>: Italien, Via Lungaserra 8, 12032 Barge, CN<\/li>\n\n\n\n<li><strong>E-mail:<\/strong> <a href=\"mailto:info@paolabarberis.com\">info@paolabarberis.com<\/a><\/li>\n<\/ul>\n\n<h3 class=\"wp-block-heading\">Datenschutzbeauftragter<\/h3>\n\n<ul class=\"wp-block-list\">\n<li><strong>Name:<\/strong> Paola Barberis<\/li>\n\n\n\n<li><strong>Kontakt:<\/strong> <a href=\"mailto:info@paolabarberis.com\">info@paolabarberis.com<\/a><\/li>\n<\/ul>\n\n<h3 class=\"wp-block-heading\">Rechtsgrundlagen f\u00fcr die Datenverarbeitung<\/h3>\n\n<ol class=\"wp-block-list\">\n<li><strong>Ausf\u00fchrung eines Vertrags <\/strong>(Artikel 6(1)(b) GDPR)<\/li>\n\n\n\n<li><strong>Erf\u00fcllung einer rechtlichen Verpflichtung <\/strong>(Artikel 6(1)(c) GDPR)<\/li>\n\n\n\n<li><strong>Berechtigte Interessen des Verantwortlichen oder Dritter<\/strong> (Artikel 6 Absatz 1 Buchstabe f DSGVO)<\/li>\n\n\n\n<li>Einwilligung der betroffenen Person (Art. 6 Abs. 1 Buchst. a DSGVO)<\/li>\n\n\n\n<li><strong>\u00d6ffentliches Interesse oder Aus\u00fcbung \u00f6ffentlicher Gewalt<\/strong><br\/>(art. 6(1)(e) GDPR)<\/li>\n\n\n\n<li><strong>Rechnungslegungs- und Steuerpflichten<\/strong> (z. B. Art. 6 Abs. 1 Buchst. c DSGVO, sonstige einschl\u00e4gige nationale Vorschriften)<\/li>\n\n\n\n<li>Schutz, Aus\u00fcbung oder Verteidigung von Rechtsanspr\u00fcchen (Artikel 6 Absatz 1 Buchstabe f DSGVO)<\/li>\n<\/ol>\n\n<h3 class=\"wp-block-heading\">W\u00e4hrend der Nutzung der Website verarbeitete Daten:<\/h3>\n\n<figure class=\"wp-block-table\"><table><thead><tr><td>Daten verarbeitet<\/td><td>Zweck der Verarbeitung<\/td><\/tr><\/thead><tbody><tr><td>e-mail<\/td><td>Kontaktformulare<\/td><\/tr><tr><td>name<\/td><td>Kontaktformulare<\/td><\/tr><tr><td>IP-Adresse<\/td><td>Kontaktformulare<\/td><\/tr><\/tbody><\/table><\/figure>\n\n<h3 class=\"wp-block-heading\">Daten des Hosting-Anbieters<\/h3>\n\n<p>Die Daten werden vom folgenden Hosting-Anbieter verarbeitet und gespeichert, um die Funktionsf\u00e4higkeit des Dienstes zu gew\u00e4hrleisten.\n<\/p>\n\n<ul class=\"wp-block-list\">\n<li><strong>Anbietername:<\/strong> Serverplan<\/li>\n\n\n\n<li><strong>Adresse: <\/strong>Via Giacomo Leopardi 22, 03043, Cassino Fr, ITALIEN, Via Giacomo Leopardi 22 &#8211; Cassino 03043 FR Italien, Via Giacomo Leopardi 22 &#8211; 03043 Cassino FR ITALIEN<strong>\n<\/strong><\/li>\n\n\n\n<li><strong>Webseite:<\/strong> <a href=\"https:\/\/https:\/\/www.serverplan.com\/\">https:\/\/www.serverplan.com\/<\/a><\/li>\n<\/ul>\n\n<h3 class=\"wp-block-heading\">Cookie<\/h3>\n\n<p>Beim Besuch dieser Website k\u00f6nnen Cookies auf Ihrem Computer gespeichert werden. Diese enthalten technische Informationen und dienen in erster Linie dazu, Ihnen ein komfortables und personalisiertes Nutzererlebnis zu bieten. Die Website kann Cookies jedoch auch f\u00fcr Analyse-, Remarketing- oder Multimedia-Zwecke verwenden.\n<\/p>\n\n<p>Essenzielle Cookies und Dienste erm\u00f6glichen grundlegende Funktionen und sind f\u00fcr das ordnungsgem\u00e4\u00dfe Funktionieren der Website erforderlich. Diese Cookies und Dienste ben\u00f6tigen gem\u00e4\u00df DSGVO keine Einwilligung des Nutzers. Diese Cookies und Dienste sind zwar f\u00fcr das ordnungsgem\u00e4\u00dfe Funktionieren der Website notwendig, ihre Nutzung erfordert jedoch die Einwilligung des Nutzers. Dies kann unter anderem Zahlungsportale, Captcha-Dienste und integrierte Buchungsdienste umfassen. Statistik-Cookies erfassen Nutzungsinformationen und erm\u00f6glichen uns so Einblicke in die Interaktion der Besucher mit unserer Website. Marketingdienste werden von Drittanbietern oder Publishern genutzt, um personalisierte Werbung anzuzeigen. Dies geschieht durch die Verfolgung von Besuchern \u00fcber verschiedene Websites hinweg. Diese Cookies und Dienste sind erforderlich, um bestimmte Multimedia-Elemente wie eingebettete Videos, Karten, Social-Media-Beitr\u00e4ge usw. anzuzeigen. Diese Kategorie umfasst alle Cookies, Domains und Dienste, die nicht in andere spezifische Kategorien fallen oder nicht explizit kategorisiert wurden.<\/p>\n\n<h3 class=\"wp-block-heading\">Auf dieser Website verwendete Cookies<\/h3>\n\n<figure class=\"wp-block-table\"><table><thead><tr><th>Cookie-Name<\/th><th>Zweck<\/th><\/tr><\/thead><tbody><tr><td>mhcookie<\/td><td>essential<\/td><\/tr><tr><td>wp-settings-*<\/td><td>essential<\/td><\/tr><tr><td>wp-settings-time-*<\/td><td>essential<\/td><\/tr><tr><td>_gid<\/td><td>analytics<\/td><\/tr><tr><td>_iub_cs-*<\/td><td>essential<\/td><\/tr><tr><td>euconsent-v2<\/td><td>unknown<\/td><\/tr><tr><td>wordpress_test_cookie<\/td><td>essential<\/td><\/tr><tr><td>wordpress_logged_in_*<\/td><td>essential<\/td><\/tr><tr><td>wp-wpml_current_admin_language_*<\/td><td>essential<\/td><\/tr><tr><td>wp-wpml_current_language<\/td><td>essential<\/td><\/tr><tr><td>_ga<\/td><td>analytics<\/td><\/tr><tr><td>_ga_*<\/td><td>analytics<\/td><\/tr><\/tbody><\/table><\/figure>\n\n<p>Nutzer k\u00f6nnen die Verwendung von Cookies \u00fcber ihre Browsereinstellungen verwalten oder deaktivieren, dies kann jedoch Auswirkungen auf einige Funktionen der Website haben.\n<\/p>\n\n<h3 class=\"wp-block-heading\">Daten von Minderj\u00e4hrigen<\/h3>\n\n<p>Unser Service richtet sich nicht speziell an Personen unter 16 Jahren. Sollten wir jedoch Daten von Minderj\u00e4hrigen erheben und verarbeiten, tun wir dies nur, wenn dies gesetzlich vorgeschrieben ist (mit der Zustimmung oder Genehmigung eines Elternteils\/Erziehungsberechtigten).\n<\/p>\n\n<p>Eltern und Erziehungsberechtigte k\u00f6nnen jederzeit die \u00c4nderung oder L\u00f6schung von Daten beantragen, die sie selbst oder die minderj\u00e4hrigen Personen betreffen, f\u00fcr die sie verantwortlich sind.\n<\/p>\n\n<h3 class=\"wp-block-heading\">Kontaktformulare<\/h3>\n\n<p>Die Formulare auf der Website erfassen Daten, die der Nutzer freiwillig angibt und die wir nutzen, um den Nutzer zu kontaktieren oder Anfragen zu bearbeiten.\n<\/p>\n\n<ul class=\"wp-block-list\">\n<li>e-mail<\/li>\n\n\n\n<li>name<\/li>\n\n\n\n<li>IP-Adresse<\/li>\n<\/ul>\n\n<h3 class=\"wp-block-heading\">Aufbewahrungsfristen f\u00fcr Daten<\/h3>\n\n<p>Wir speichern Ihre Daten nur so lange, wie es erforderlich oder gesetzlich vorgeschrieben ist. Anschlie\u00dfend werden die Daten gel\u00f6scht oder anonymisiert.\n<\/p>\n\n<h3 class=\"wp-block-heading\">Weitergabe von Daten an Dritte<\/h3>\n\n<p>Wir geben Ihre Daten nur dann an Dritte weiter, wenn Sie Ihre ausdr\u00fcckliche Einwilligung erteilt haben oder wenn dies gesetzlich vorgeschrieben ist oder von einer zust\u00e4ndigen Beh\u00f6rde auferlegt wurde.\n<\/p>\n\n<h3 class=\"wp-block-heading\">Sicherheitsma\u00dfnahmen<\/h3>\n\n<p>Bei der Datenverarbeitung setzen sowohl der Verantwortliche als auch die Auftragsverarbeiter organisatorische und technische Schutzma\u00dfnahmen ein, die den aktuellen Technologien und den Besonderheiten der Verarbeitung (Zweck, Umfang, Umst\u00e4nde) sowie dem unterschiedlichen Risiko f\u00fcr die betroffenen Personen Rechnung tragen. Ziel ist es, einen dem Risiko angemessenen Datenschutz zu gew\u00e4hrleisten.\n<\/p>\n\n<p>Diese Ma\u00dfnahmen umfassen beispielsweise Datenverschl\u00fcsselung, die Gew\u00e4hrleistung der Verf\u00fcgbarkeit, Vertraulichkeit und Integrit\u00e4t von Systemen und Diensten sowie eine angemessene Ausfallsicherheit. Wir legen besonderen Wert darauf, den Datenzugriff im Falle physischer oder technischer Probleme schnellstm\u00f6glich wiederherzustellen.\n<\/p>\n\n<p>Durch regelm\u00e4\u00dfige \u00dcberpr\u00fcfungen und Tests unserer Sicherheitsma\u00dfnahmen stellen wir sicher, dass diese nicht nur theoretischer Natur sind, sondern tats\u00e4chlich ein angemessenes Schutzniveau bieten. Wir speichern Daten so, dass Unbefugte keinen Zugriff darauf haben; daher werden Papierdokumente in einer geschlossenen und sicheren Umgebung aufbewahrt, w\u00e4hrend elektronische Daten nur f\u00fcr Personen mit entsprechenden Zugriffsrechten zug\u00e4nglich sind.<\/p>\n\n<p>Wir stellen au\u00dferdem sicher, dass Daten nach Ablauf der Aufbewahrungsfrist oder aus anderen Gr\u00fcnden, die ihre L\u00f6schung erfordern, endg\u00fcltig gel\u00f6scht werden. Papierdokumente werden mit speziellen Aktenvernichtern oder durch einen spezialisierten externen Partner vernichtet. Bei der Au\u00dferbetriebnahme oder Verschrottung elektronischer Datentr\u00e4ger gew\u00e4hrleisten wir die endg\u00fcltige L\u00f6schung der Daten.\n<\/p>\n\n<h4 class=\"wp-block-heading\">Schutz von Papierdokumenten<\/h4>\n\n<p>F\u00fcr Daten in Papierform setzen wir physische Schutzma\u00dfnahmen ein, darunter sichere, trockene Lagerr\u00e4ume und abschlie\u00dfbare R\u00e4ume. Nur autorisierte Mitarbeiter haben Zugriff auf diese Dokumente. Werden Papierdokumente digitalisiert, gelten dieselben Regeln. Die f\u00fcr die Datenverarbeitung verantwortliche Person darf ihren Arbeitsbereich erst verlassen, nachdem sie sich vergewissert hat, dass die ihr anvertrauten Materialien sicher verschlossen und f\u00fcr Unbefugte unzug\u00e4nglich sind.\n<\/p>\n\n<p>Das Geb\u00e4ude und die R\u00e4umlichkeiten, in denen die Papierdokumente aufbewahrt werden, sind mit angemessenen Brandschutz- und Sicherheitssystemen ausgestattet, wodurch das Risiko von Sachsch\u00e4den verringert wird.\n<\/p>\n\n<h4 class=\"wp-block-heading\">IT-Sicherheit<\/h4>\n\n<p>Die zur Datenverarbeitung verwendeten Computer und Mobilger\u00e4te sind mit geeigneter Antivirensoftware und Zugriffskontrollma\u00dfnahmen ausgestattet. Zum Schutz elektronisch gespeicherter Informationen setzen wir aktuelle Backup- und Archivierungsl\u00f6sungen ein und stellen sicher, dass diese Backups bei Bedarf verf\u00fcgbar sind.\n<\/p>\n\n<p>Nur autorisierte Personen mit definierten Berechtigungsstufen k\u00f6nnen sich mit dem zentralen Server verbinden. Die f\u00fcr die Arbeit verwendeten Computer und die darauf gespeicherten Daten sind passwortgesch\u00fctzt und durch weitere Sicherheitsma\u00dfnahmen gegen unbefugten Zugriff gesch\u00fctzt.\n<\/p>\n\n<h4 class=\"wp-block-heading\">Vorfallmanagement und Meldung von Datenschutzverletzungen<\/h4>\n\n<p>Sollte ein Ereignis eintreten, das personenbezogene Daten durch unbefugten Zugriff, Besch\u00e4digung oder Verlust gef\u00e4hrden k\u00f6nnte, ergreifen wir unverz\u00fcglich Ma\u00dfnahmen, um diese Daten zus\u00e4tzlich zu sch\u00fctzen und den Schaden zu minimieren. Falls die Situation darauf hindeutet, dass der Vorfall ein hohes Risiko f\u00fcr die Rechte und Freiheiten der betroffenen Personen darstellt, informieren wir diese unverz\u00fcglich und erl\u00e4utern ihnen die Art des Vorfalls sowie die zu seiner Behebung ergriffenen oder geplanten Ma\u00dfnahmen.\n<\/p>\n\n<p>Wir k\u00f6nnen auf eine direkte Benachrichtigung der betroffenen Personen verzichten, wenn wir bereits Sicherheitsma\u00dfnahmen (z. B. Verschl\u00fcsselung) implementiert haben, die die personenbezogenen Daten f\u00fcr Unbefugte unlesbar machen, oder wenn wir das Risiko durch zus\u00e4tzliche Ma\u00dfnahmen erheblich verringert haben. In manchen F\u00e4llen kann eine \u00f6ffentliche Bekanntmachung anstelle einer individuellen Benachrichtigung ausreichen, wenn letztere einen unverh\u00e4ltnism\u00e4\u00dfigen Aufwand bedeuten w\u00fcrde.\n<\/p>\n\n<p>Gem\u00e4\u00df den geltenden Bestimmungen ist der Verantwortliche f\u00fcr die Datenverarbeitung verpflichtet, die zust\u00e4ndige Aufsichtsbeh\u00f6rde innerhalb von 72 Stunden nach Kenntniserlangung einer Verletzung des Schutzes personenbezogener Daten zu benachrichtigen, die ein Risiko f\u00fcr die Rechte und Freiheiten nat\u00fcrlicher Personen darstellen kann. Erfolgt die Benachrichtigung nach Ablauf dieser Frist, sind die Gr\u00fcnde f\u00fcr die Verz\u00f6gerung anzugeben.\n<\/p>\n\n<h3 class=\"wp-block-heading\">Benutzerrechte<\/h3>\n\n<p>Als betroffene Personen (Nutzer) haben Sie im Zusammenhang mit der Verarbeitung Ihrer personenbezogenen Daten folgende Rechte:\n<\/p>\n\n<ul class=\"wp-block-list\">\n<li><strong>Auskunftsrecht (Art. 15 DSGVO)<\/strong><br\/>Sie haben das Recht zu erfahren, ob wir Ihre Daten verarbeiten und, falls ja, welche Daten wir verarbeiten. Sie k\u00f6nnen au\u00dferdem Auskunft \u00fcber den Zweck der Verarbeitung, die Rechtsgrundlage und weitere wichtige Aspekte verlangen.<\/li>\n\n\n\n<li><strong>Recht auf Berichtigung (Artikel 16 DSGVO)<\/strong><br\/>Sie haben das Recht, die Berichtigung oder Vervollst\u00e4ndigung unrichtiger oder unvollst\u00e4ndiger Daten zu verlangen.<\/li>\n\n\n\n<li><strong>Recht auf L\u00f6schung (\u201eRecht auf Vergessenwerden\u201c)<\/strong> (Artikel 17 DSGVO)<br\/>Wenn die Daten nicht mehr ben\u00f6tigt werden oder gesetzliche Voraussetzungen f\u00fcr ihre L\u00f6schung vorliegen, k\u00f6nnen Sie deren L\u00f6schung unverz\u00fcglich beantragen.<\/li>\n\n\n\n<li><strong>Recht auf Einschr\u00e4nkung der Verarbeitung<\/strong> (Artikel 18 DSGVO)<br\/>In bestimmten F\u00e4llen k\u00f6nnen Sie verlangen, dass die Daten ohne weitere Verarbeitung gespeichert bleiben (z. B. wenn Sie die Richtigkeit der Daten bestreiten, aber deren sofortige L\u00f6schung nicht w\u00fcnschen).<\/li>\n\n\n\n<li><strong>Recht auf Daten\u00fcbertragbarkeit (Artikel 20 DSGVO)<\/strong><br\/>Sie haben das Recht, die \u00fcber Sie gespeicherten Daten in einem maschinenlesbaren Format zu erhalten oder deren \u00dcbertragung an einen anderen Anbieter zu verlangen, sofern dies technisch m\u00f6glich ist.<\/li>\n\n\n\n<li><strong>Widerspruchsrecht<\/strong> (Artikel 21 DSGVO)<br\/>Sie k\u00f6nnen der k\u00fcnftigen Verarbeitung Ihrer Daten widersprechen, wenn Sie der Ansicht sind, dass unsere berechtigten Interessen (oder eine andere Rechtsgrundlage) diese Verarbeitung nicht ausreichend rechtfertigen.<\/li>\n<\/ul>\n\n<p>Um diese Rechte auszu\u00fcben, kontaktieren Sie uns bitte (E-Mail: info@paolabarberis.com). Wir bem\u00fchen uns, Anfragen so schnell wie m\u00f6glich zu beantworten. In der Regel erhalten Sie innerhalb eines Monats nach Eingang Ihrer Anfrage eine Antwort. In manchen F\u00e4llen \u2013 beispielsweise bei komplexen Anfragen \u2013 kann sich diese Frist um bis zu zwei Monate verl\u00e4ngern. Die Gr\u00fcnde f\u00fcr die Verl\u00e4ngerung teilen wir Ihnen innerhalb des ersten Monats mit.\n<\/p>\n\n<p>Sollten wir Ihrem Antrag nicht nachkommen k\u00f6nnen, werden wir Sie innerhalb desselben Zeitraums dar\u00fcber und \u00fcber die Gr\u00fcnde informieren. In diesem Fall haben Sie das Recht, eine Beschwerde bei der Aufsichtsbeh\u00f6rde einzureichen oder rechtliche Schritte einzuleiten.\n<\/p>\n\n<h3 class=\"wp-block-heading\">Beschwerde- und Einspruchsmanagement<\/h3>\n\n<p>Wenn Sie der Ansicht sind, dass Ihre personenbezogenen Daten missbraucht wurden, k\u00f6nnen Sie unter Verwendung der folgenden Kontaktdaten eine formelle Beschwerde einreichen:\n<\/p>\n\n<ul class=\"wp-block-list\">\n<li>E-mail: <a href=\"mailto:info@paolabarberis.com\">info@paolabarberis.com<\/a><\/li>\n\n\n\n<li>Postanschrift: Italien, Via Lungaserra 8, 12032 Barge, CN<\/li>\n<\/ul>\n\n<p>Wir pr\u00fcfen eingehende Beschwerden sorgf\u00e4ltig und informieren Sie \u00fcber das Ergebnis der Pr\u00fcfung sowie die ergriffenen Ma\u00dfnahmen. Sofern das Gesetz keine bestimmte Frist f\u00fcr die Bearbeitung von Beschwerden vorsieht, \u00fcberpr\u00fcfen wir unsere Beschwerdeverfahren und -prozesse mindestens alle drei Jahre, um festzustellen, ob sie den Zwecken der Datenverarbeitung und den geltenden Vorschriften entsprechen.\n<\/p>\n\n<p>Sie haben au\u00dferdem das Recht, eine Beschwerde bei der zust\u00e4ndigen Aufsichtsbeh\u00f6rde einzureichen:\n<\/p>\n\n<ul class=\"wp-block-list\">\n<li><strong>Name der Aufsichtsbeh\u00f6rde<\/strong>: Garant f\u00fcr den Schutz personenbezogener Daten<\/li>\n\n\n\n<li><strong>Adresse:<\/strong> Piazza Venezia 11, 00187 Roma, Italy<\/li>\n\n\n\n<li><strong>Telefon:<\/strong> +39-06-69677-1<\/li>\n\n\n\n<li><strong>E-mail:<\/strong> <a href=\"mailto:protocollo@gpdp.it\">protocollo@gpdp.it<\/a><\/li>\n<\/ul>\n\n<p>Letzte Aktualisierung: 5. Mai 2026<\/p>\n<p>&nbsp;<\/p>\n","protected":false},"excerpt":{"rendered":"<p>Datenschutzrichtlinie Nachfolgend informieren wir Sie dar\u00fcber, dass die Dienstleisterin Paola Barberis (Hauptsitz: Italien, VIA LUNGASERRA 8, 12032 Barge, CN,) Ihre personenbezogenen Daten wie folgt und zu folgenden Zwecken verarbeitet. Bei der Datenverarbeitung halten wir uns an die geltenden Rechtsvorschriften \u2013 insbesondere an die Verordnung (EU) 2016\/679 des Europ\u00e4ischen Parlaments und des Rates (DSGVO). Diese Datenschutzerkl\u00e4rung [&hellip;]<\/p>\n","protected":false},"author":4,"featured_media":0,"parent":0,"menu_order":0,"comment_status":"closed","ping_status":"closed","template":"","meta":{"_acf_changed":false,"footnotes":""},"class_list":["post-11640","page","type-page","status-publish","hentry"],"acf":[],"_links":{"self":[{"href":"https:\/\/www.paolabarberis.com\/de\/wp-json\/wp\/v2\/pages\/11640","targetHints":{"allow":["GET"]}}],"collection":[{"href":"https:\/\/www.paolabarberis.com\/de\/wp-json\/wp\/v2\/pages"}],"about":[{"href":"https:\/\/www.paolabarberis.com\/de\/wp-json\/wp\/v2\/types\/page"}],"author":[{"embeddable":true,"href":"https:\/\/www.paolabarberis.com\/de\/wp-json\/wp\/v2\/users\/4"}],"replies":[{"embeddable":true,"href":"https:\/\/www.paolabarberis.com\/de\/wp-json\/wp\/v2\/comments?post=11640"}],"version-history":[{"count":2,"href":"https:\/\/www.paolabarberis.com\/de\/wp-json\/wp\/v2\/pages\/11640\/revisions"}],"predecessor-version":[{"id":11667,"href":"https:\/\/www.paolabarberis.com\/de\/wp-json\/wp\/v2\/pages\/11640\/revisions\/11667"}],"wp:attachment":[{"href":"https:\/\/www.paolabarberis.com\/de\/wp-json\/wp\/v2\/media?parent=11640"}],"curies":[{"name":"wp","href":"https:\/\/api.w.org\/{rel}","templated":true}]}}