{"id":7054,"date":"2022-02-11T21:17:36","date_gmt":"2022-02-11T20:17:36","guid":{"rendered":"http:\/\/www.paolabarberis.com\/kontakt\/"},"modified":"2025-01-14T16:20:23","modified_gmt":"2025-01-14T15:20:23","slug":"kontakt","status":"publish","type":"page","link":"https:\/\/www.paolabarberis.com\/de\/kontakt\/","title":{"rendered":"Kontakt"},"content":{"rendered":"\t\t<div data-elementor-type=\"wp-post\" data-elementor-id=\"7054\" class=\"elementor elementor-7054 elementor-383\">\n\t\t\t\t\t\t<section class=\"elementor-section elementor-top-section elementor-element elementor-element-a877416 elementor-section-boxed elementor-section-height-default elementor-section-height-default\" data-id=\"a877416\" data-element_type=\"section\" data-e-type=\"section\">\n\t\t\t\t\t\t<div class=\"elementor-container elementor-column-gap-default\">\n\t\t\t\t\t<div class=\"elementor-column elementor-col-50 elementor-top-column elementor-element elementor-element-b8abe18 features-block\" data-id=\"b8abe18\" data-element_type=\"column\" data-e-type=\"column\">\n\t\t\t<div class=\"elementor-widget-wrap elementor-element-populated\">\n\t\t\t\t\t\t<div class=\"elementor-element elementor-element-3eacf25 features-title elementor-widget elementor-widget-heading\" data-id=\"3eacf25\" data-element_type=\"widget\" data-e-type=\"widget\" data-widget_type=\"heading.default\">\n\t\t\t\t<div class=\"elementor-widget-container\">\n\t\t\t\t\t<h3 class=\"elementor-heading-title elementor-size-default\">Sprechen Sie mich an! Ganz unverbindlich.\n<\/h3>\t\t\t\t<\/div>\n\t\t\t\t<\/div>\n\t\t\t\t\t<\/div>\n\t\t<\/div>\n\t\t\t\t<div class=\"elementor-column elementor-col-50 elementor-top-column elementor-element elementor-element-9b2cda3\" data-id=\"9b2cda3\" data-element_type=\"column\" data-e-type=\"column\">\n\t\t\t<div class=\"elementor-widget-wrap\">\n\t\t\t\t\t\t\t<\/div>\n\t\t<\/div>\n\t\t\t\t\t<\/div>\n\t\t<\/section>\n\t\t\t\t<section class=\"elementor-section elementor-top-section elementor-element elementor-element-de2eb98 elementor-section-boxed elementor-section-height-default elementor-section-height-default\" data-id=\"de2eb98\" data-element_type=\"section\" data-e-type=\"section\">\n\t\t\t\t\t\t<div class=\"elementor-container elementor-column-gap-default\">\n\t\t\t\t\t<div class=\"elementor-column elementor-col-100 elementor-top-column elementor-element elementor-element-ba6b219\" data-id=\"ba6b219\" data-element_type=\"column\" data-e-type=\"column\">\n\t\t\t<div class=\"elementor-widget-wrap elementor-element-populated\">\n\t\t\t\t\t\t<div class=\"elementor-element elementor-element-3c455eb elementor-drop-cap-yes elementor-drop-cap-view-default elementor-widget elementor-widget-text-editor\" data-id=\"3c455eb\" data-element_type=\"widget\" data-e-type=\"widget\" data-settings=\"{&quot;drop_cap&quot;:&quot;yes&quot;}\" data-widget_type=\"text-editor.default\">\n\t\t\t\t<div class=\"elementor-widget-container\">\n\t\t\t\t\t\t\t\t\t<p>Ich bin <strong>freiberufliche Fach\u00fcbersetzerin f\u00fcr die Sprachen Deutsch und Italienisch<\/strong> und ich arbeite f\u00fcr Unternehmen aus Industrie und Technik in Italien, Deutschland und der Schweiz. \u00dcber das Kontaktformular k\u00f6nnen Sie Ihre Anfragen ganz unverbindlich an mich senden und:<\/p><ul><li aria-level=\"1\">ein <strong>Angebot<\/strong> oder eine <strong>Probe\u00fcbersetzung<\/strong> anfordern<\/li><li aria-level=\"1\">weitere Informationen zu meinen Leistungen f\u00fcr <strong>\u00dcbersetzung<\/strong>, <strong>Transkreation<\/strong> sowie <strong>Korrektur und Lektorat<\/strong> anfragen<\/li><li aria-level=\"1\">einen halbst\u00fcndigen <strong>Videoanruf<\/strong> buchen, um mich pers\u00f6nlich kennen zu lernen.<\/li><\/ul><p>Wenn Sie m\u00f6chten, k\u00f6nnen Sie mir auch direkt eine E-Mail schreiben an: <a href=\"mailto:info@paolabarberis.com\" target=\"_blank\" rel=\"noopener\"><strong><span style=\"text-decoration: underline;\">info@paolabarberis.com<\/span><\/strong><\/a><\/p><p>Ihre Anfrage erreicht mich in jedem Fall sofort und wird von mir <strong>innerhalb eines Werktags<\/strong> beantwortet.<\/p><p>Neben den von Ihnen gew\u00fcnschten Informationen erhalten Sie mit meiner ersten Mail auch <strong>meine Telefonnummer<\/strong> und meinen <strong>Skype-Kontakt<\/strong>.<\/p><p>Ihr <strong>Angebot<\/strong> oder Ihre <strong>Probe\u00fcbersetzung<\/strong> bearbeite ich, sobald wir uns \u00fcber alle wichtigen Aspekte geeinigt haben.<\/p>\t\t\t\t\t\t\t\t<\/div>\n\t\t\t\t<\/div>\n\t\t\t\t\t<\/div>\n\t\t<\/div>\n\t\t\t\t\t<\/div>\n\t\t<\/section>\n\t\t\t\t<section class=\"elementor-section elementor-top-section elementor-element elementor-element-aeccf82 elementor-section-boxed elementor-section-height-default elementor-section-height-default\" data-id=\"aeccf82\" data-element_type=\"section\" data-e-type=\"section\">\n\t\t\t\t\t\t<div class=\"elementor-container elementor-column-gap-default\">\n\t\t\t\t\t<div class=\"elementor-column elementor-col-100 elementor-top-column elementor-element elementor-element-178cd74\" data-id=\"178cd74\" data-element_type=\"column\" data-e-type=\"column\">\n\t\t\t<div class=\"elementor-widget-wrap elementor-element-populated\">\n\t\t\t\t\t\t<div class=\"elementor-element elementor-element-7a20c0d elementor-widget elementor-widget-text-editor\" data-id=\"7a20c0d\" data-element_type=\"widget\" data-e-type=\"widget\" data-widget_type=\"text-editor.default\">\n\t\t\t\t<div class=\"elementor-widget-container\">\n\t\t\t\t\t\t\t\t\t<h2 style=\"text-align: center;\"><strong>Arbeiten Sie mit mir<\/strong><\/h2>\n\t\t\t\t\t\t\t\t<\/div>\n\t\t\t\t<\/div>\n\t\t\t\t<div class=\"elementor-element elementor-element-036bace elementor-widget elementor-widget-spacer\" data-id=\"036bace\" data-element_type=\"widget\" data-e-type=\"widget\" data-widget_type=\"spacer.default\">\n\t\t\t\t<div class=\"elementor-widget-container\">\n\t\t\t\t\t\t\t<div class=\"elementor-spacer\">\n\t\t\t<div class=\"elementor-spacer-inner\"><\/div>\n\t\t<\/div>\n\t\t\t\t\t\t<\/div>\n\t\t\t\t<\/div>\n\t\t\t\t\t<\/div>\n\t\t<\/div>\n\t\t\t\t\t<\/div>\n\t\t<\/section>\n\t\t\t\t<section class=\"elementor-section elementor-top-section elementor-element elementor-element-3a86ec2 elementor-section-boxed elementor-section-height-default elementor-section-height-default\" data-id=\"3a86ec2\" data-element_type=\"section\" data-e-type=\"section\">\n\t\t\t\t\t\t<div class=\"elementor-container elementor-column-gap-default\">\n\t\t\t\t\t<div class=\"elementor-column elementor-col-33 elementor-top-column elementor-element elementor-element-f31ae5d\" data-id=\"f31ae5d\" data-element_type=\"column\" data-e-type=\"column\">\n\t\t\t<div class=\"elementor-widget-wrap\">\n\t\t\t\t\t\t\t<\/div>\n\t\t<\/div>\n\t\t\t\t<div class=\"elementor-column elementor-col-33 elementor-top-column elementor-element elementor-element-c541044\" data-id=\"c541044\" data-element_type=\"column\" data-e-type=\"column\">\n\t\t\t<div class=\"elementor-widget-wrap elementor-element-populated\">\n\t\t\t\t\t\t<div class=\"elementor-element elementor-element-57cadf8 elementor-widget elementor-widget-shortcode\" data-id=\"57cadf8\" data-element_type=\"widget\" data-e-type=\"widget\" data-widget_type=\"shortcode.default\">\n\t\t\t\t<div class=\"elementor-widget-container\">\n\t\t\t\t\t\t\t<div class=\"elementor-shortcode\">\n<div class=\"wpcf7 no-js\" id=\"wpcf7-f7496-o1\" lang=\"de-DE\" dir=\"ltr\" data-wpcf7-id=\"7496\">\n<div class=\"screen-reader-response\"><p role=\"status\" aria-live=\"polite\" aria-atomic=\"true\"><\/p> <ul><\/ul><\/div>\n<form action=\"\/de\/wp-json\/wp\/v2\/pages\/7054#wpcf7-f7496-o1\" method=\"post\" class=\"wpcf7-form init\" aria-label=\"Kontaktformular\" novalidate=\"novalidate\" data-status=\"init\">\n<fieldset class=\"hidden-fields-container\"><input type=\"hidden\" name=\"_wpcf7\" value=\"7496\" \/><input type=\"hidden\" name=\"_wpcf7_version\" value=\"6.1.5\" \/><input type=\"hidden\" name=\"_wpcf7_locale\" value=\"de_DE\" \/><input type=\"hidden\" name=\"_wpcf7_unit_tag\" value=\"wpcf7-f7496-o1\" \/><input type=\"hidden\" name=\"_wpcf7_container_post\" value=\"0\" \/><input type=\"hidden\" name=\"_wpcf7_posted_data_hash\" value=\"\" \/>\n<\/fieldset>\n<div class=\"row\">\n\t<div class=\"col-md-6\">\n\t\t<p><span class=\"wpcf7-form-control-wrap\" data-name=\"your-name\"><input size=\"40\" maxlength=\"400\" class=\"wpcf7-form-control wpcf7-text wpcf7-validates-as-required\" aria-required=\"true\" aria-invalid=\"false\" placeholder=\"Name\" value=\"\" type=\"text\" name=\"your-name\" \/><\/span>\n\t\t<\/p>\n\t<\/div>\n\t<div class=\"col-md-6\">\n\t\t<p><span class=\"wpcf7-form-control-wrap\" data-name=\"your-company\"><input size=\"40\" maxlength=\"400\" class=\"wpcf7-form-control wpcf7-text wpcf7-validates-as-required\" aria-required=\"true\" aria-invalid=\"false\" placeholder=\"Firma\" value=\"\" type=\"text\" name=\"your-company\" \/><\/span>\n\t\t<\/p>\n\t<\/div>\n\t<div class=\"col-md-6\">\n\t\t<p><span class=\"wpcf7-form-control-wrap\" data-name=\"your-subject\"><input size=\"40\" maxlength=\"400\" class=\"wpcf7-form-control wpcf7-text\" aria-invalid=\"false\" placeholder=\"Betreff\" value=\"\" type=\"text\" name=\"your-subject\" \/><\/span>\n\t\t<\/p>\n\t<\/div>\n\t<div class=\"col-md-6\">\n\t\t<p><span class=\"wpcf7-form-control-wrap\" data-name=\"your-email\"><input size=\"40\" maxlength=\"400\" class=\"wpcf7-form-control wpcf7-email wpcf7-validates-as-required wpcf7-text wpcf7-validates-as-email\" aria-required=\"true\" aria-invalid=\"false\" placeholder=\"E-Mail\" value=\"\" type=\"email\" name=\"your-email\" \/><\/span>\n\t\t<\/p>\n\t<\/div>\n\t<div class=\"col-md-12\">\n\t\t<p><span class=\"wpcf7-form-control-wrap\" data-name=\"your-message\"><textarea cols=\"40\" rows=\"10\" maxlength=\"2000\" class=\"wpcf7-form-control wpcf7-textarea\" aria-invalid=\"false\" placeholder=\"Ihre Nachricht an mich\" name=\"your-message\"><\/textarea><\/span>\n\t\t<\/p>\n\t<\/div>\n\t<p><span class=\"wpcf7-form-control-wrap\" data-name=\"acceptance-544\"><span class=\"wpcf7-form-control wpcf7-acceptance\"><span class=\"wpcf7-list-item\"><label><input type=\"checkbox\" name=\"acceptance-544\" value=\"1\" aria-invalid=\"false\" \/><span class=\"wpcf7-list-item-label\"><font color=#14737C>Ich stimme der Datenverarbeitung im Rahmen der Erkl\u00e4rung zum Datenschutz.\n<br><a href=\"https:\/\/www.paolabarberis.com\/de\/datenschutzerklaerung\/\"target=\"_blank\"><b><u>Vollst\u00e4ndige Datenschutzerkl\u00e4rung lesen<\/u><\/b><\/font><\/a><\/span><\/label><\/span><\/span><\/span>\n\t<\/p>\n<\/div>\n<p><input class=\"wpcf7-form-control wpcf7-submit has-spinner\" type=\"submit\" value=\"Senden\" \/>\n<\/p><div class=\"wpcf7-response-output\" aria-hidden=\"true\"><\/div>\n<\/form>\n<\/div>\n<\/div>\n\t\t\t\t\t\t<\/div>\n\t\t\t\t<\/div>\n\t\t\t\t\t<\/div>\n\t\t<\/div>\n\t\t\t\t<div class=\"elementor-column elementor-col-33 elementor-top-column elementor-element elementor-element-ad5a975\" data-id=\"ad5a975\" data-element_type=\"column\" data-e-type=\"column\">\n\t\t\t<div class=\"elementor-widget-wrap\">\n\t\t\t\t\t\t\t<\/div>\n\t\t<\/div>\n\t\t\t\t\t<\/div>\n\t\t<\/section>\n\t\t\t\t<\/div>\n\t\t","protected":false},"excerpt":{"rendered":"<p>Sprechen Sie mich an! Ganz unverbindlich. Ich bin freiberufliche Fach\u00fcbersetzerin f\u00fcr die Sprachen Deutsch und Italienisch und ich arbeite f\u00fcr Unternehmen aus Industrie und Technik in Italien, Deutschland und der Schweiz. \u00dcber das Kontaktformular k\u00f6nnen Sie Ihre Anfragen ganz unverbindlich an mich senden und: ein Angebot oder eine Probe\u00fcbersetzung anfordern weitere Informationen zu meinen Leistungen [&hellip;]<\/p>\n","protected":false},"author":4,"featured_media":0,"parent":0,"menu_order":0,"comment_status":"closed","ping_status":"closed","template":"page-with-heder.php","meta":{"_acf_changed":false,"footnotes":""},"class_list":["post-7054","page","type-page","status-publish","hentry"],"acf":[],"_links":{"self":[{"href":"https:\/\/www.paolabarberis.com\/de\/wp-json\/wp\/v2\/pages\/7054","targetHints":{"allow":["GET"]}}],"collection":[{"href":"https:\/\/www.paolabarberis.com\/de\/wp-json\/wp\/v2\/pages"}],"about":[{"href":"https:\/\/www.paolabarberis.com\/de\/wp-json\/wp\/v2\/types\/page"}],"author":[{"embeddable":true,"href":"https:\/\/www.paolabarberis.com\/de\/wp-json\/wp\/v2\/users\/4"}],"replies":[{"embeddable":true,"href":"https:\/\/www.paolabarberis.com\/de\/wp-json\/wp\/v2\/comments?post=7054"}],"version-history":[{"count":3,"href":"https:\/\/www.paolabarberis.com\/de\/wp-json\/wp\/v2\/pages\/7054\/revisions"}],"predecessor-version":[{"id":10016,"href":"https:\/\/www.paolabarberis.com\/de\/wp-json\/wp\/v2\/pages\/7054\/revisions\/10016"}],"wp:attachment":[{"href":"https:\/\/www.paolabarberis.com\/de\/wp-json\/wp\/v2\/media?parent=7054"}],"curies":[{"name":"wp","href":"https:\/\/api.w.org\/{rel}","templated":true}]}}