{"id":7206,"date":"2022-02-12T20:27:17","date_gmt":"2022-02-12T19:27:17","guid":{"rendered":"http:\/\/www.paolabarberis.com\/leistungen\/extra-leistungen\/"},"modified":"2025-01-14T16:35:55","modified_gmt":"2025-01-14T15:35:55","slug":"extra-leistungen","status":"publish","type":"page","link":"https:\/\/www.paolabarberis.com\/de\/leistungen\/extra-leistungen\/","title":{"rendered":"Extra-Leistungen"},"content":{"rendered":"\t\t<div data-elementor-type=\"wp-page\" data-elementor-id=\"7206\" class=\"elementor elementor-7206 elementor-6367\">\n\t\t\t\t\t\t<section class=\"elementor-section elementor-top-section elementor-element elementor-element-6db4ba6 elementor-section-boxed elementor-section-height-default elementor-section-height-default\" data-id=\"6db4ba6\" data-element_type=\"section\" data-e-type=\"section\">\n\t\t\t\t\t\t<div class=\"elementor-container elementor-column-gap-default\">\n\t\t\t\t\t<div class=\"elementor-column elementor-col-50 elementor-top-column elementor-element elementor-element-0cff422 features-block\" data-id=\"0cff422\" data-element_type=\"column\" data-e-type=\"column\">\n\t\t\t<div class=\"elementor-widget-wrap elementor-element-populated\">\n\t\t\t\t\t\t<div class=\"elementor-element elementor-element-23717c8 features-title elementor-widget elementor-widget-heading\" data-id=\"23717c8\" data-element_type=\"widget\" data-e-type=\"widget\" data-widget_type=\"heading.default\">\n\t\t\t\t<div class=\"elementor-widget-container\">\n\t\t\t\t\t<h3 class=\"elementor-heading-title elementor-size-default\">Wenn es um mehr geht.\n<\/h3>\t\t\t\t<\/div>\n\t\t\t\t<\/div>\n\t\t\t\t\t<\/div>\n\t\t<\/div>\n\t\t\t\t<div class=\"elementor-column elementor-col-50 elementor-top-column elementor-element elementor-element-49a628c\" data-id=\"49a628c\" data-element_type=\"column\" data-e-type=\"column\">\n\t\t\t<div class=\"elementor-widget-wrap\">\n\t\t\t\t\t\t\t<\/div>\n\t\t<\/div>\n\t\t\t\t\t<\/div>\n\t\t<\/section>\n\t\t\t\t<section class=\"elementor-section elementor-top-section elementor-element elementor-element-3d25c69 elementor-section-boxed elementor-section-height-default elementor-section-height-default\" data-id=\"3d25c69\" data-element_type=\"section\" data-e-type=\"section\">\n\t\t\t\t\t\t<div class=\"elementor-container elementor-column-gap-default\">\n\t\t\t\t\t<div class=\"elementor-column elementor-col-100 elementor-top-column elementor-element elementor-element-5c1161f\" data-id=\"5c1161f\" data-element_type=\"column\" data-e-type=\"column\">\n\t\t\t<div class=\"elementor-widget-wrap elementor-element-populated\">\n\t\t\t\t\t\t<div class=\"elementor-element elementor-element-db2086a elementor-widget elementor-widget-text-editor\" data-id=\"db2086a\" data-element_type=\"widget\" data-e-type=\"widget\" data-widget_type=\"text-editor.default\">\n\t\t\t\t<div class=\"elementor-widget-container\">\n\t\t\t\t\t\t\t\t\t<p><b>Seit 30 Jahren arbeite ich f\u00fcr Industrie und Technik.<\/b> Bei mir erhalten Sie nicht nur eine \u00dcbersetzung, Transkreation oder \u00dcberarbeitung Ihrer Dokumente. <b>Ich unterst\u00fctze Sie auch, wenn es um mehr geht<\/b>: Wenn die \u00dcbersetzung sehr eilig ist, Sie Hilfe bei der Gesch\u00e4ftskorrespondenz brauchen oder bei der Verwaltung Ihrer Terminologie.\u00a0<\/p><p>W\u00e4hlen Sie aus drei <b>zus\u00e4tzlichen Leistungen<\/b> f\u00fcr Ihre gesch\u00e4ftliche und technische <b>Kommunikation vom Deutschen ins Italienische<\/b>.\u00a0<\/p>\t\t\t\t\t\t\t\t<\/div>\n\t\t\t\t<\/div>\n\t\t\t\t<div class=\"elementor-element elementor-element-6060dd5 hero-intro elementor-widget elementor-widget-heading\" data-id=\"6060dd5\" data-element_type=\"widget\" data-e-type=\"widget\" data-widget_type=\"heading.default\">\n\t\t\t\t<div class=\"elementor-widget-container\">\n\t\t\t\t\t<h2 class=\"elementor-heading-title elementor-size-default\">SCHNELL \u00dcBERSETZEN\n<\/h2>\t\t\t\t<\/div>\n\t\t\t\t<\/div>\n\t\t\t\t<div class=\"elementor-element elementor-element-40c83d8 elementor-widget elementor-widget-text-editor\" data-id=\"40c83d8\" data-element_type=\"widget\" data-e-type=\"widget\" data-widget_type=\"text-editor.default\">\n\t\t\t\t<div class=\"elementor-widget-container\">\n\t\t\t\t\t\t\t\t\t<h2 style=\"text-align: center;\"><strong>Express-Service <\/strong><\/h2>\t\t\t\t\t\t\t\t<\/div>\n\t\t\t\t<\/div>\n\t\t\t\t<div class=\"elementor-element elementor-element-5bc05b9 elementor-widget elementor-widget-text-editor\" data-id=\"5bc05b9\" data-element_type=\"widget\" data-e-type=\"widget\" data-widget_type=\"text-editor.default\">\n\t\t\t\t<div class=\"elementor-widget-container\">\n\t\t\t\t\t\t\t\t\t<p>Manchmal muss es einfach schnell gehen, wenn etwa eine Messe ansteht und alles tiptopp sein muss. Oder wenn der Zeitplan f\u00fcr den Produktlaunch keine Versp\u00e4tung erlaubt.\u00a0<\/p><p>Ihre <b>\u00dcbersetzung von Deutsch nach Italienisch<\/b> ist sehr eilig? Dann w\u00e4hlen Sie den Express-Service und sichern Sie sich eine <b>schnelle Lieferung<\/b>: Mit einem <b>Eilzuschlag von 30\u00a0%<\/b> auf meine Standardpreise helfe ich Ihnen, Ihr Ziel schnell zu erreichen.<\/p><p><a href=\"https:\/\/www.paolabarberis.com\/de\/kontakt\/\"><strong><span style=\"text-decoration: underline;\">Schreiben Sie mir gleich<\/span><\/strong><\/a> und fordern Sie Ihr Angebot f\u00fcr meinen Standard- oder Express-Service an.<\/p>\t\t\t\t\t\t\t\t<\/div>\n\t\t\t\t<\/div>\n\t\t\t\t\t<\/div>\n\t\t<\/div>\n\t\t\t\t\t<\/div>\n\t\t<\/section>\n\t\t\t\t<section class=\"elementor-section elementor-top-section elementor-element elementor-element-3fde8e0 elementor-section-full_width elementor-section-height-default elementor-section-height-default\" data-id=\"3fde8e0\" data-element_type=\"section\" data-e-type=\"section\" data-settings=\"{&quot;background_background&quot;:&quot;slideshow&quot;,&quot;background_slideshow_gallery&quot;:[],&quot;background_slideshow_loop&quot;:&quot;yes&quot;,&quot;background_slideshow_slide_duration&quot;:5000,&quot;background_slideshow_slide_transition&quot;:&quot;fade&quot;,&quot;background_slideshow_transition_duration&quot;:500}\">\n\t\t\t\t\t\t<div class=\"elementor-container elementor-column-gap-default\">\n\t\t\t\t\t<div class=\"elementor-column elementor-col-100 elementor-top-column elementor-element elementor-element-f7c3160\" data-id=\"f7c3160\" data-element_type=\"column\" data-e-type=\"column\">\n\t\t\t<div class=\"elementor-widget-wrap elementor-element-populated\">\n\t\t\t\t\t\t<div class=\"elementor-element elementor-element-fc46186 hero-intro elementor-widget elementor-widget-heading\" data-id=\"fc46186\" data-element_type=\"widget\" data-e-type=\"widget\" data-widget_type=\"heading.default\">\n\t\t\t\t<div class=\"elementor-widget-container\">\n\t\t\t\t\t<h2 class=\"elementor-heading-title elementor-size-default\">E-MAILS \u00dcBERSETZEN<\/h2>\t\t\t\t<\/div>\n\t\t\t\t<\/div>\n\t\t\t\t<div class=\"elementor-element elementor-element-beba0ca elementor-widget elementor-widget-text-editor\" data-id=\"beba0ca\" data-element_type=\"widget\" data-e-type=\"widget\" data-widget_type=\"text-editor.default\">\n\t\t\t\t<div class=\"elementor-widget-container\">\n\t\t\t\t\t\t\t\t\t<h2>&nbsp;<\/h2>\n<h2 style=\"text-align: center;\"><strong>Korrespondenz-Service<br><\/strong><\/h2>\n<h2><strong>&nbsp;<\/strong><\/h2>\t\t\t\t\t\t\t\t<\/div>\n\t\t\t\t<\/div>\n\t\t\t\t<div class=\"elementor-element elementor-element-e1c39f2 elementor-widget elementor-widget-text-editor\" data-id=\"e1c39f2\" data-element_type=\"widget\" data-e-type=\"widget\" data-widget_type=\"text-editor.default\">\n\t\t\t\t<div class=\"elementor-widget-container\">\n\t\t\t\t\t\t\t\t\t<p>Sie korrespondieren viel mit Ihren Kunden in Italien und m\u00f6chten dies in ihrer Sprache tun? Dann ist mein Korrespondenz-Service die richtige Wahl: Ihre Sonderspur f\u00fcr die schnelle <b>\u00dcbersetzung Ihres normalen E-Mail-Schriftverkehrs von Deutsch nach Italienisch<\/b> in nur <b>48 Stunden<\/b>.\u00a0<\/p><p>Sie m\u00f6chten wissen, wie viel Sie die \u00dcbersetzung Ihrer E-Mail-Korrespondenz genau kostet? <a href=\"https:\/\/www.paolabarberis.com\/de\/kontakt\/\"><span style=\"text-decoration: underline;\"><b>Schreiben Sie mir<\/b><\/span><\/a> und fordern Sie Ihr Angebot an.<\/p>\t\t\t\t\t\t\t\t<\/div>\n\t\t\t\t<\/div>\n\t\t\t\t\t<\/div>\n\t\t<\/div>\n\t\t\t\t\t<\/div>\n\t\t<\/section>\n\t\t\t\t<section class=\"elementor-section elementor-top-section elementor-element elementor-element-1a088c6 elementor-section-full_width elementor-section-height-default elementor-section-height-default\" data-id=\"1a088c6\" data-element_type=\"section\" data-e-type=\"section\" data-settings=\"{&quot;background_background&quot;:&quot;slideshow&quot;,&quot;background_slideshow_gallery&quot;:[],&quot;background_slideshow_loop&quot;:&quot;yes&quot;,&quot;background_slideshow_slide_duration&quot;:5000,&quot;background_slideshow_slide_transition&quot;:&quot;fade&quot;,&quot;background_slideshow_transition_duration&quot;:500}\">\n\t\t\t\t\t\t<div class=\"elementor-container elementor-column-gap-default\">\n\t\t\t\t\t<div class=\"elementor-column elementor-col-100 elementor-top-column elementor-element elementor-element-457cf1d\" data-id=\"457cf1d\" data-element_type=\"column\" data-e-type=\"column\">\n\t\t\t<div class=\"elementor-widget-wrap elementor-element-populated\">\n\t\t\t\t\t\t<div class=\"elementor-element elementor-element-b25c4ed hero-intro elementor-widget elementor-widget-heading\" data-id=\"b25c4ed\" data-element_type=\"widget\" data-e-type=\"widget\" data-widget_type=\"heading.default\">\n\t\t\t\t<div class=\"elementor-widget-container\">\n\t\t\t\t\t<h2 class=\"elementor-heading-title elementor-size-default\">TERMINOLOGIE \u00dcBERSETZEN<\/h2>\t\t\t\t<\/div>\n\t\t\t\t<\/div>\n\t\t\t\t<div class=\"elementor-element elementor-element-697d7a7 elementor-widget elementor-widget-text-editor\" data-id=\"697d7a7\" data-element_type=\"widget\" data-e-type=\"widget\" data-widget_type=\"text-editor.default\">\n\t\t\t\t<div class=\"elementor-widget-container\">\n\t\t\t\t\t\t\t\t\t<h2 style=\"text-align: center;\"><strong>Terminologie-Service\n<\/strong><\/h2>\n<h2><strong>\u00a0<\/strong><\/h2>\t\t\t\t\t\t\t\t<\/div>\n\t\t\t\t<\/div>\n\t\t\t\t<div class=\"elementor-element elementor-element-d4bfb5c elementor-widget elementor-widget-text-editor\" data-id=\"d4bfb5c\" data-element_type=\"widget\" data-e-type=\"widget\" data-widget_type=\"text-editor.default\">\n\t\t\t\t<div class=\"elementor-widget-container\">\n\t\t\t\t\t\t\t\t\t<p>Sie w\u00fcnschen, dass bestimmte Begriffe in allen Ihren Dokumenten einheitlich verwendet werden? Dann sind <b>zweisprachige Glossare auf Deutsch und Italienisch<\/b> die richtige Wahl. Egal, ob es dabei um die <b>offiziellen Bezeichnungen Ihrer Produkte<\/b> oder die <b>Fachterminologie Ihrer Branche<\/b> geht: Gerne \u00fcbernehme ich f\u00fcr Sie die Glossarerstellung \u2013 auf Wunsch im Rahmen eines \u00dcbersetzungsauftrags oder als eigenes Projekt.\u00a0<\/p><p>F\u00fcr meinen Terminologie-Service berechne ich nach\u00a0<b>Stundensatz<\/b>. Der Zeitaufwand h\u00e4ngt von verschiedenen Faktoren ab, etwa von der Anzahl der Begriffe, die im Glossar erfasst werden sollen. Kontaktieren Sie mich f\u00fcr ein ma\u00dfgeschneidertes Angebot und <span style=\"text-decoration: underline;\"><a href=\"https:\/\/www.paolabarberis.com\/de\/kontakt\/\"><b>schreiben Sie mir<\/b><\/a><\/span>, was Sie brauchen.<\/p>\t\t\t\t\t\t\t\t<\/div>\n\t\t\t\t<\/div>\n\t\t\t\t\t<\/div>\n\t\t<\/div>\n\t\t\t\t\t<\/div>\n\t\t<\/section>\n\t\t\t\t<section class=\"elementor-section elementor-top-section elementor-element elementor-element-3de4cb1 elementor-section-boxed elementor-section-height-default elementor-section-height-default\" data-id=\"3de4cb1\" data-element_type=\"section\" data-e-type=\"section\">\n\t\t\t\t\t\t<div class=\"elementor-container elementor-column-gap-default\">\n\t\t\t\t\t<div class=\"elementor-column elementor-col-16 elementor-top-column elementor-element elementor-element-d857ca8\" data-id=\"d857ca8\" data-element_type=\"column\" data-e-type=\"column\">\n\t\t\t<div class=\"elementor-widget-wrap\">\n\t\t\t\t\t\t\t<\/div>\n\t\t<\/div>\n\t\t\t\t<div class=\"elementor-column elementor-col-66 elementor-top-column elementor-element elementor-element-233ecad\" data-id=\"233ecad\" data-element_type=\"column\" data-e-type=\"column\">\n\t\t\t<div class=\"elementor-widget-wrap elementor-element-populated\">\n\t\t\t\t\t\t<div class=\"elementor-element elementor-element-944fc73 elementor-widget elementor-widget-text-editor\" data-id=\"944fc73\" data-element_type=\"widget\" data-e-type=\"widget\" data-widget_type=\"text-editor.default\">\n\t\t\t\t<div class=\"elementor-widget-container\">\n\t\t\t\t\t\t\t\t\t<p>\u00a0<\/p><h2 style=\"text-align: center;\"><strong>Arbeiten Sie mit mir<\/strong><\/h2><p>\u00a0<\/p>\t\t\t\t\t\t\t\t<\/div>\n\t\t\t\t<\/div>\n\t\t\t\t<div class=\"elementor-element elementor-element-e00eadb elementor-widget elementor-widget-text-editor\" data-id=\"e00eadb\" data-element_type=\"widget\" data-e-type=\"widget\" data-widget_type=\"text-editor.default\">\n\t\t\t\t<div class=\"elementor-widget-container\">\n\t\t\t\t\t\t\t\t\t<p style=\"text-align: center;\">Sie m\u00f6chten mehr wissen oder ein individuelles Angebot? F\u00fcllen Sie einfach das Anfrageformular aus und schreiben Sie mir, was Sie w\u00fcnschen.\u00a0<\/p><p style=\"text-align: center;\">Ich freue mich auf Ihre Nachricht und antworte Ihnen sp\u00e4testens in 24 Stunden.<\/p>\t\t\t\t\t\t\t\t<\/div>\n\t\t\t\t<\/div>\n\t\t\t\t\t<\/div>\n\t\t<\/div>\n\t\t\t\t<div class=\"elementor-column elementor-col-16 elementor-top-column elementor-element elementor-element-6c5c97e\" data-id=\"6c5c97e\" data-element_type=\"column\" data-e-type=\"column\">\n\t\t\t<div class=\"elementor-widget-wrap\">\n\t\t\t\t\t\t\t<\/div>\n\t\t<\/div>\n\t\t\t\t\t<\/div>\n\t\t<\/section>\n\t\t\t\t<section class=\"elementor-section elementor-top-section elementor-element elementor-element-fba79e5 elementor-section-boxed elementor-section-height-default elementor-section-height-default\" data-id=\"fba79e5\" data-element_type=\"section\" data-e-type=\"section\">\n\t\t\t\t\t\t<div class=\"elementor-container elementor-column-gap-default\">\n\t\t\t\t\t<div class=\"elementor-column elementor-col-25 elementor-top-column elementor-element elementor-element-cbb3205\" data-id=\"cbb3205\" data-element_type=\"column\" data-e-type=\"column\">\n\t\t\t<div class=\"elementor-widget-wrap\">\n\t\t\t\t\t\t\t<\/div>\n\t\t<\/div>\n\t\t\t\t<div class=\"elementor-column elementor-col-50 elementor-top-column elementor-element elementor-element-f56e53b\" data-id=\"f56e53b\" data-element_type=\"column\" data-e-type=\"column\">\n\t\t\t<div class=\"elementor-widget-wrap elementor-element-populated\">\n\t\t\t\t\t\t<div class=\"elementor-element elementor-element-2b158c1 elementor-widget elementor-widget-shortcode\" data-id=\"2b158c1\" data-element_type=\"widget\" data-e-type=\"widget\" data-widget_type=\"shortcode.default\">\n\t\t\t\t<div class=\"elementor-widget-container\">\n\t\t\t\t\t\t\t<div class=\"elementor-shortcode\">\n<div class=\"wpcf7 no-js\" id=\"wpcf7-f7496-o1\" lang=\"de-DE\" dir=\"ltr\" data-wpcf7-id=\"7496\">\n<div class=\"screen-reader-response\"><p role=\"status\" aria-live=\"polite\" aria-atomic=\"true\"><\/p> <ul><\/ul><\/div>\n<form action=\"\/de\/wp-json\/wp\/v2\/pages\/7206#wpcf7-f7496-o1\" method=\"post\" class=\"wpcf7-form init\" aria-label=\"Kontaktformular\" novalidate=\"novalidate\" data-status=\"init\">\n<fieldset class=\"hidden-fields-container\"><input type=\"hidden\" name=\"_wpcf7\" value=\"7496\" \/><input type=\"hidden\" name=\"_wpcf7_version\" value=\"6.1.5\" \/><input type=\"hidden\" name=\"_wpcf7_locale\" value=\"de_DE\" \/><input type=\"hidden\" name=\"_wpcf7_unit_tag\" value=\"wpcf7-f7496-o1\" \/><input type=\"hidden\" name=\"_wpcf7_container_post\" value=\"0\" \/><input type=\"hidden\" name=\"_wpcf7_posted_data_hash\" value=\"\" \/>\n<\/fieldset>\n<div class=\"row\">\n\t<div class=\"col-md-6\">\n\t\t<p><span class=\"wpcf7-form-control-wrap\" data-name=\"your-name\"><input size=\"40\" maxlength=\"400\" class=\"wpcf7-form-control wpcf7-text wpcf7-validates-as-required\" aria-required=\"true\" aria-invalid=\"false\" placeholder=\"Name\" value=\"\" type=\"text\" name=\"your-name\" \/><\/span>\n\t\t<\/p>\n\t<\/div>\n\t<div class=\"col-md-6\">\n\t\t<p><span class=\"wpcf7-form-control-wrap\" data-name=\"your-company\"><input size=\"40\" maxlength=\"400\" class=\"wpcf7-form-control wpcf7-text wpcf7-validates-as-required\" aria-required=\"true\" aria-invalid=\"false\" placeholder=\"Firma\" value=\"\" type=\"text\" name=\"your-company\" \/><\/span>\n\t\t<\/p>\n\t<\/div>\n\t<div class=\"col-md-6\">\n\t\t<p><span class=\"wpcf7-form-control-wrap\" data-name=\"your-subject\"><input size=\"40\" maxlength=\"400\" class=\"wpcf7-form-control wpcf7-text\" aria-invalid=\"false\" placeholder=\"Betreff\" value=\"\" type=\"text\" name=\"your-subject\" \/><\/span>\n\t\t<\/p>\n\t<\/div>\n\t<div class=\"col-md-6\">\n\t\t<p><span class=\"wpcf7-form-control-wrap\" data-name=\"your-email\"><input size=\"40\" maxlength=\"400\" class=\"wpcf7-form-control wpcf7-email wpcf7-validates-as-required wpcf7-text wpcf7-validates-as-email\" aria-required=\"true\" aria-invalid=\"false\" placeholder=\"E-Mail\" value=\"\" type=\"email\" name=\"your-email\" \/><\/span>\n\t\t<\/p>\n\t<\/div>\n\t<div class=\"col-md-12\">\n\t\t<p><span class=\"wpcf7-form-control-wrap\" data-name=\"your-message\"><textarea cols=\"40\" rows=\"10\" maxlength=\"2000\" class=\"wpcf7-form-control wpcf7-textarea\" aria-invalid=\"false\" placeholder=\"Ihre Nachricht an mich\" name=\"your-message\"><\/textarea><\/span>\n\t\t<\/p>\n\t<\/div>\n\t<p><span class=\"wpcf7-form-control-wrap\" data-name=\"acceptance-544\"><span class=\"wpcf7-form-control wpcf7-acceptance\"><span class=\"wpcf7-list-item\"><label><input type=\"checkbox\" name=\"acceptance-544\" value=\"1\" aria-invalid=\"false\" \/><span class=\"wpcf7-list-item-label\"><font color=#14737C>Ich stimme der Datenverarbeitung im Rahmen der Erkl\u00e4rung zum Datenschutz.\n<br><a href=\"https:\/\/www.paolabarberis.com\/de\/datenschutzerklaerung\/\"target=\"_blank\"><b><u>Vollst\u00e4ndige Datenschutzerkl\u00e4rung lesen<\/u><\/b><\/font><\/a><\/span><\/label><\/span><\/span><\/span>\n\t<\/p>\n<\/div>\n<p><input class=\"wpcf7-form-control wpcf7-submit has-spinner\" type=\"submit\" value=\"Senden\" \/>\n<\/p><div class=\"wpcf7-response-output\" aria-hidden=\"true\"><\/div>\n<\/form>\n<\/div>\n<\/div>\n\t\t\t\t\t\t<\/div>\n\t\t\t\t<\/div>\n\t\t\t\t\t<\/div>\n\t\t<\/div>\n\t\t\t\t<div class=\"elementor-column elementor-col-25 elementor-top-column elementor-element elementor-element-192d9c7\" data-id=\"192d9c7\" data-element_type=\"column\" data-e-type=\"column\">\n\t\t\t<div class=\"elementor-widget-wrap\">\n\t\t\t\t\t\t\t<\/div>\n\t\t<\/div>\n\t\t\t\t\t<\/div>\n\t\t<\/section>\n\t\t\t\t<\/div>\n\t\t","protected":false},"excerpt":{"rendered":"<p>Wenn es um mehr geht. Seit 30 Jahren arbeite ich f\u00fcr Industrie und Technik. Bei mir erhalten Sie nicht nur eine \u00dcbersetzung, Transkreation oder \u00dcberarbeitung Ihrer Dokumente. Ich unterst\u00fctze Sie auch, wenn es um mehr geht: Wenn die \u00dcbersetzung sehr eilig ist, Sie Hilfe bei der Gesch\u00e4ftskorrespondenz brauchen oder bei der Verwaltung Ihrer Terminologie.\u00a0 W\u00e4hlen [&hellip;]<\/p>\n","protected":false},"author":4,"featured_media":0,"parent":7020,"menu_order":0,"comment_status":"closed","ping_status":"closed","template":"","meta":{"_acf_changed":false,"footnotes":""},"class_list":["post-7206","page","type-page","status-publish","hentry"],"acf":[],"_links":{"self":[{"href":"https:\/\/www.paolabarberis.com\/de\/wp-json\/wp\/v2\/pages\/7206","targetHints":{"allow":["GET"]}}],"collection":[{"href":"https:\/\/www.paolabarberis.com\/de\/wp-json\/wp\/v2\/pages"}],"about":[{"href":"https:\/\/www.paolabarberis.com\/de\/wp-json\/wp\/v2\/types\/page"}],"author":[{"embeddable":true,"href":"https:\/\/www.paolabarberis.com\/de\/wp-json\/wp\/v2\/users\/4"}],"replies":[{"embeddable":true,"href":"https:\/\/www.paolabarberis.com\/de\/wp-json\/wp\/v2\/comments?post=7206"}],"version-history":[{"count":6,"href":"https:\/\/www.paolabarberis.com\/de\/wp-json\/wp\/v2\/pages\/7206\/revisions"}],"predecessor-version":[{"id":10104,"href":"https:\/\/www.paolabarberis.com\/de\/wp-json\/wp\/v2\/pages\/7206\/revisions\/10104"}],"up":[{"embeddable":true,"href":"https:\/\/www.paolabarberis.com\/de\/wp-json\/wp\/v2\/pages\/7020"}],"wp:attachment":[{"href":"https:\/\/www.paolabarberis.com\/de\/wp-json\/wp\/v2\/media?parent=7206"}],"curies":[{"name":"wp","href":"https:\/\/api.w.org\/{rel}","templated":true}]}}